{"id":2092,"date":"2022-09-09T13:16:11","date_gmt":"2022-09-09T11:16:11","guid":{"rendered":"https:\/\/atelierceline.fr\/myris\/?page_id=2092"},"modified":"2023-06-20T08:59:13","modified_gmt":"2023-06-20T06:59:13","slug":"porfolio","status":"publish","type":"page","link":"https:\/\/atelierceline.fr\/myris\/porfolio\/","title":{"rendered":"Porfolio"},"content":{"rendered":"\t\t<div data-elementor-type=\"wp-page\" data-elementor-id=\"2092\" class=\"elementor elementor-2092\">\n\t\t\t\t\t\t<section class=\"elementor-section elementor-top-section elementor-element elementor-element-580e0999 elementor-section-content-middle elementor-section-boxed elementor-section-height-default elementor-section-height-default\" data-id=\"580e0999\" data-element_type=\"section\" data-e-type=\"section\">\n\t\t\t\t\t\t<div class=\"elementor-container elementor-column-gap-no\">\n\t\t\t\t\t<div class=\"elementor-column elementor-col-100 elementor-top-column elementor-element elementor-element-72e331d2\" data-id=\"72e331d2\" data-element_type=\"column\" data-e-type=\"column\">\n\t\t\t<div class=\"elementor-widget-wrap elementor-element-populated\">\n\t\t\t\t\t\t<div class=\"elementor-element elementor-element-1cd4bc6f elementor-widget elementor-widget-heading\" data-id=\"1cd4bc6f\" data-element_type=\"widget\" data-e-type=\"widget\" data-widget_type=\"heading.default\">\n\t\t\t\t<div class=\"elementor-widget-container\">\n\t\t\t\t\t<h4 class=\"elementor-heading-title elementor-size-default\">Des effets spectaculaires<\/h4>\t\t\t\t<\/div>\n\t\t\t\t<\/div>\n\t\t\t\t<div class=\"elementor-element elementor-element-485a3b8c elementor-widget elementor-widget-heading\" data-id=\"485a3b8c\" data-element_type=\"widget\" data-e-type=\"widget\" data-widget_type=\"heading.default\">\n\t\t\t\t<div class=\"elementor-widget-container\">\n\t\t\t\t\t<h5 class=\"elementor-heading-title elementor-size-default\">Choisissez un effet pour transformer votre IRIS en \u0153uvre d'art<\/h5>\t\t\t\t<\/div>\n\t\t\t\t<\/div>\n\t\t\t\t<section class=\"elementor-section elementor-inner-section elementor-element elementor-element-64347679 elementor-section-content-middle elementor-section-boxed elementor-section-height-default elementor-section-height-default\" data-id=\"64347679\" data-element_type=\"section\" data-e-type=\"section\">\n\t\t\t\t\t\t<div class=\"elementor-container elementor-column-gap-no\">\n\t\t\t\t\t<div class=\"elementor-column elementor-col-50 elementor-inner-column elementor-element elementor-element-28ecc756\" data-id=\"28ecc756\" data-element_type=\"column\" data-e-type=\"column\">\n\t\t\t<div class=\"elementor-widget-wrap elementor-element-populated\">\n\t\t\t\t\t\t<div class=\"elementor-element elementor-element-3ea0a6e6 elementor-position-top elementor-widget elementor-widget-image-box\" data-id=\"3ea0a6e6\" data-element_type=\"widget\" data-e-type=\"widget\" data-widget_type=\"image-box.default\">\n\t\t\t\t<div class=\"elementor-widget-container\">\n\t\t\t\t\t<div class=\"elementor-image-box-wrapper\"><figure class=\"elementor-image-box-img\"><img fetchpriority=\"high\" decoding=\"async\" width=\"2560\" height=\"2560\" src=\"https:\/\/atelierceline.fr\/myris\/wp-content\/uploads\/2022\/09\/Fusion-2-Iris-Celine-et-Stephane-scaled.jpg\" class=\"attachment-full size-full wp-image-1022\" alt=\"\" srcset=\"https:\/\/atelierceline.fr\/myris\/wp-content\/uploads\/2022\/09\/Fusion-2-Iris-Celine-et-Stephane-scaled.jpg 2560w, https:\/\/atelierceline.fr\/myris\/wp-content\/uploads\/2022\/09\/Fusion-2-Iris-Celine-et-Stephane-300x300.jpg 300w, https:\/\/atelierceline.fr\/myris\/wp-content\/uploads\/2022\/09\/Fusion-2-Iris-Celine-et-Stephane-1024x1024.jpg 1024w, https:\/\/atelierceline.fr\/myris\/wp-content\/uploads\/2022\/09\/Fusion-2-Iris-Celine-et-Stephane-150x150.jpg 150w, https:\/\/atelierceline.fr\/myris\/wp-content\/uploads\/2022\/09\/Fusion-2-Iris-Celine-et-Stephane-768x768.jpg 768w, https:\/\/atelierceline.fr\/myris\/wp-content\/uploads\/2022\/09\/Fusion-2-Iris-Celine-et-Stephane-1536x1536.jpg 1536w, https:\/\/atelierceline.fr\/myris\/wp-content\/uploads\/2022\/09\/Fusion-2-Iris-Celine-et-Stephane-2048x2048.jpg 2048w, https:\/\/atelierceline.fr\/myris\/wp-content\/uploads\/2022\/09\/Fusion-2-Iris-Celine-et-Stephane-1320x1320.jpg 1320w, https:\/\/atelierceline.fr\/myris\/wp-content\/uploads\/2022\/09\/Fusion-2-Iris-Celine-et-Stephane-600x600.jpg 600w, https:\/\/atelierceline.fr\/myris\/wp-content\/uploads\/2022\/09\/Fusion-2-Iris-Celine-et-Stephane-100x100.jpg 100w\" sizes=\"(max-width: 2560px) 100vw, 2560px\" \/><\/figure><div class=\"elementor-image-box-content\"><h3 class=\"elementor-image-box-title\">Fusion<\/h3><\/div><\/div>\t\t\t\t<\/div>\n\t\t\t\t<\/div>\n\t\t\t\t\t<\/div>\n\t\t<\/div>\n\t\t\t\t<div class=\"elementor-column elementor-col-50 elementor-inner-column elementor-element elementor-element-22137204\" data-id=\"22137204\" data-element_type=\"column\" data-e-type=\"column\">\n\t\t\t<div class=\"elementor-widget-wrap elementor-element-populated\">\n\t\t\t\t\t\t<div class=\"elementor-element elementor-element-3e4951bb elementor-position-top elementor-widget elementor-widget-image-box\" data-id=\"3e4951bb\" data-element_type=\"widget\" data-e-type=\"widget\" data-widget_type=\"image-box.default\">\n\t\t\t\t<div class=\"elementor-widget-container\">\n\t\t\t\t\t<div class=\"elementor-image-box-wrapper\"><figure class=\"elementor-image-box-img\"><img decoding=\"async\" width=\"2560\" height=\"2560\" src=\"https:\/\/atelierceline.fr\/myris\/wp-content\/uploads\/2022\/09\/Eau-2-Iris-Eva-et-Lana-scaled.jpg\" class=\"attachment-full size-full wp-image-1058\" alt=\"\" srcset=\"https:\/\/atelierceline.fr\/myris\/wp-content\/uploads\/2022\/09\/Eau-2-Iris-Eva-et-Lana-scaled.jpg 2560w, https:\/\/atelierceline.fr\/myris\/wp-content\/uploads\/2022\/09\/Eau-2-Iris-Eva-et-Lana-300x300.jpg 300w, https:\/\/atelierceline.fr\/myris\/wp-content\/uploads\/2022\/09\/Eau-2-Iris-Eva-et-Lana-1024x1024.jpg 1024w, https:\/\/atelierceline.fr\/myris\/wp-content\/uploads\/2022\/09\/Eau-2-Iris-Eva-et-Lana-150x150.jpg 150w, https:\/\/atelierceline.fr\/myris\/wp-content\/uploads\/2022\/09\/Eau-2-Iris-Eva-et-Lana-768x768.jpg 768w, https:\/\/atelierceline.fr\/myris\/wp-content\/uploads\/2022\/09\/Eau-2-Iris-Eva-et-Lana-1536x1536.jpg 1536w, https:\/\/atelierceline.fr\/myris\/wp-content\/uploads\/2022\/09\/Eau-2-Iris-Eva-et-Lana-2048x2048.jpg 2048w, https:\/\/atelierceline.fr\/myris\/wp-content\/uploads\/2022\/09\/Eau-2-Iris-Eva-et-Lana-1320x1320.jpg 1320w, https:\/\/atelierceline.fr\/myris\/wp-content\/uploads\/2022\/09\/Eau-2-Iris-Eva-et-Lana-600x600.jpg 600w, https:\/\/atelierceline.fr\/myris\/wp-content\/uploads\/2022\/09\/Eau-2-Iris-Eva-et-Lana-100x100.jpg 100w\" sizes=\"(max-width: 2560px) 100vw, 2560px\" \/><\/figure><div class=\"elementor-image-box-content\"><h3 class=\"elementor-image-box-title\">Wave<\/h3><\/div><\/div>\t\t\t\t<\/div>\n\t\t\t\t<\/div>\n\t\t\t\t\t<\/div>\n\t\t<\/div>\n\t\t\t\t\t<\/div>\n\t\t<\/section>\n\t\t\t\t<section class=\"elementor-section elementor-inner-section elementor-element elementor-element-3ae3288f elementor-section-content-middle elementor-section-boxed elementor-section-height-default elementor-section-height-default\" data-id=\"3ae3288f\" data-element_type=\"section\" data-e-type=\"section\">\n\t\t\t\t\t\t<div class=\"elementor-container elementor-column-gap-no\">\n\t\t\t\t\t<div class=\"elementor-column elementor-col-50 elementor-inner-column elementor-element elementor-element-4551310c\" data-id=\"4551310c\" data-element_type=\"column\" data-e-type=\"column\">\n\t\t\t<div class=\"elementor-widget-wrap elementor-element-populated\">\n\t\t\t\t\t\t<div class=\"elementor-element elementor-element-1f42608d elementor-position-top elementor-widget elementor-widget-image-box\" data-id=\"1f42608d\" data-element_type=\"widget\" data-e-type=\"widget\" data-widget_type=\"image-box.default\">\n\t\t\t\t<div class=\"elementor-widget-container\">\n\t\t\t\t\t<div class=\"elementor-image-box-wrapper\"><figure class=\"elementor-image-box-img\"><img decoding=\"async\" width=\"2560\" height=\"2560\" src=\"https:\/\/atelierceline.fr\/myris\/wp-content\/uploads\/2022\/09\/Dream-2-Iris-2-Eva-et-Lana-scaled.jpg\" class=\"attachment-full size-full wp-image-1025\" alt=\"\" srcset=\"https:\/\/atelierceline.fr\/myris\/wp-content\/uploads\/2022\/09\/Dream-2-Iris-2-Eva-et-Lana-scaled.jpg 2560w, https:\/\/atelierceline.fr\/myris\/wp-content\/uploads\/2022\/09\/Dream-2-Iris-2-Eva-et-Lana-300x300.jpg 300w, https:\/\/atelierceline.fr\/myris\/wp-content\/uploads\/2022\/09\/Dream-2-Iris-2-Eva-et-Lana-1024x1024.jpg 1024w, https:\/\/atelierceline.fr\/myris\/wp-content\/uploads\/2022\/09\/Dream-2-Iris-2-Eva-et-Lana-150x150.jpg 150w, https:\/\/atelierceline.fr\/myris\/wp-content\/uploads\/2022\/09\/Dream-2-Iris-2-Eva-et-Lana-768x768.jpg 768w, https:\/\/atelierceline.fr\/myris\/wp-content\/uploads\/2022\/09\/Dream-2-Iris-2-Eva-et-Lana-1536x1536.jpg 1536w, https:\/\/atelierceline.fr\/myris\/wp-content\/uploads\/2022\/09\/Dream-2-Iris-2-Eva-et-Lana-2048x2048.jpg 2048w, https:\/\/atelierceline.fr\/myris\/wp-content\/uploads\/2022\/09\/Dream-2-Iris-2-Eva-et-Lana-1320x1320.jpg 1320w, https:\/\/atelierceline.fr\/myris\/wp-content\/uploads\/2022\/09\/Dream-2-Iris-2-Eva-et-Lana-600x600.jpg 600w, https:\/\/atelierceline.fr\/myris\/wp-content\/uploads\/2022\/09\/Dream-2-Iris-2-Eva-et-Lana-100x100.jpg 100w\" sizes=\"(max-width: 2560px) 100vw, 2560px\" \/><\/figure><div class=\"elementor-image-box-content\"><h3 class=\"elementor-image-box-title\">Dream<\/h3><\/div><\/div>\t\t\t\t<\/div>\n\t\t\t\t<\/div>\n\t\t\t\t\t<\/div>\n\t\t<\/div>\n\t\t\t\t<div class=\"elementor-column elementor-col-50 elementor-inner-column elementor-element elementor-element-b370071\" data-id=\"b370071\" data-element_type=\"column\" data-e-type=\"column\">\n\t\t\t<div class=\"elementor-widget-wrap elementor-element-populated\">\n\t\t\t\t\t\t<div class=\"elementor-element elementor-element-7cfdcaf2 elementor-position-top elementor-widget elementor-widget-image-box\" data-id=\"7cfdcaf2\" data-element_type=\"widget\" data-e-type=\"widget\" data-widget_type=\"image-box.default\">\n\t\t\t\t<div class=\"elementor-widget-container\">\n\t\t\t\t\t<div class=\"elementor-image-box-wrapper\"><figure class=\"elementor-image-box-img\"><img loading=\"lazy\" decoding=\"async\" width=\"2560\" height=\"2560\" src=\"https:\/\/atelierceline.fr\/myris\/wp-content\/uploads\/2022\/09\/Universe-2-Iris-Celine-et-stephane-scaled.jpg\" class=\"attachment-full size-full wp-image-1063\" alt=\"\" srcset=\"https:\/\/atelierceline.fr\/myris\/wp-content\/uploads\/2022\/09\/Universe-2-Iris-Celine-et-stephane-scaled.jpg 2560w, https:\/\/atelierceline.fr\/myris\/wp-content\/uploads\/2022\/09\/Universe-2-Iris-Celine-et-stephane-300x300.jpg 300w, https:\/\/atelierceline.fr\/myris\/wp-content\/uploads\/2022\/09\/Universe-2-Iris-Celine-et-stephane-1024x1024.jpg 1024w, https:\/\/atelierceline.fr\/myris\/wp-content\/uploads\/2022\/09\/Universe-2-Iris-Celine-et-stephane-150x150.jpg 150w, https:\/\/atelierceline.fr\/myris\/wp-content\/uploads\/2022\/09\/Universe-2-Iris-Celine-et-stephane-768x768.jpg 768w, https:\/\/atelierceline.fr\/myris\/wp-content\/uploads\/2022\/09\/Universe-2-Iris-Celine-et-stephane-1536x1536.jpg 1536w, https:\/\/atelierceline.fr\/myris\/wp-content\/uploads\/2022\/09\/Universe-2-Iris-Celine-et-stephane-2048x2048.jpg 2048w, https:\/\/atelierceline.fr\/myris\/wp-content\/uploads\/2022\/09\/Universe-2-Iris-Celine-et-stephane-1320x1320.jpg 1320w, https:\/\/atelierceline.fr\/myris\/wp-content\/uploads\/2022\/09\/Universe-2-Iris-Celine-et-stephane-600x600.jpg 600w, https:\/\/atelierceline.fr\/myris\/wp-content\/uploads\/2022\/09\/Universe-2-Iris-Celine-et-stephane-100x100.jpg 100w\" sizes=\"(max-width: 2560px) 100vw, 2560px\" \/><\/figure><div class=\"elementor-image-box-content\"><h3 class=\"elementor-image-box-title\">Universe<\/h3><\/div><\/div>\t\t\t\t<\/div>\n\t\t\t\t<\/div>\n\t\t\t\t\t<\/div>\n\t\t<\/div>\n\t\t\t\t\t<\/div>\n\t\t<\/section>\n\t\t\t\t<section class=\"elementor-section elementor-inner-section elementor-element elementor-element-9a3ec9e elementor-section-content-middle elementor-section-boxed elementor-section-height-default elementor-section-height-default\" data-id=\"9a3ec9e\" data-element_type=\"section\" data-e-type=\"section\">\n\t\t\t\t\t\t<div class=\"elementor-container elementor-column-gap-no\">\n\t\t\t\t\t<div class=\"elementor-column elementor-col-50 elementor-inner-column elementor-element elementor-element-9338eff\" data-id=\"9338eff\" data-element_type=\"column\" data-e-type=\"column\">\n\t\t\t<div class=\"elementor-widget-wrap elementor-element-populated\">\n\t\t\t\t\t\t<div class=\"elementor-element elementor-element-a990ef4 elementor-position-top elementor-widget elementor-widget-image-box\" data-id=\"a990ef4\" data-element_type=\"widget\" data-e-type=\"widget\" data-widget_type=\"image-box.default\">\n\t\t\t\t<div class=\"elementor-widget-container\">\n\t\t\t\t\t<div class=\"elementor-image-box-wrapper\"><figure class=\"elementor-image-box-img\"><img loading=\"lazy\" decoding=\"async\" width=\"214\" height=\"300\" src=\"https:\/\/atelierceline.fr\/myris\/wp-content\/uploads\/2022\/09\/Sans-effet-2-Iris-p-214x300.jpg\" class=\"attachment-medium size-medium wp-image-1073\" alt=\"\" srcset=\"https:\/\/atelierceline.fr\/myris\/wp-content\/uploads\/2022\/09\/Sans-effet-2-Iris-p-214x300.jpg 214w, https:\/\/atelierceline.fr\/myris\/wp-content\/uploads\/2022\/09\/Sans-effet-2-Iris-p-731x1024.jpg 731w, https:\/\/atelierceline.fr\/myris\/wp-content\/uploads\/2022\/09\/Sans-effet-2-Iris-p-768x1075.jpg 768w, https:\/\/atelierceline.fr\/myris\/wp-content\/uploads\/2022\/09\/Sans-effet-2-Iris-p-1097x1536.jpg 1097w, https:\/\/atelierceline.fr\/myris\/wp-content\/uploads\/2022\/09\/Sans-effet-2-Iris-p-1463x2048.jpg 1463w, https:\/\/atelierceline.fr\/myris\/wp-content\/uploads\/2022\/09\/Sans-effet-2-Iris-p-1320x1848.jpg 1320w, https:\/\/atelierceline.fr\/myris\/wp-content\/uploads\/2022\/09\/Sans-effet-2-Iris-p-600x840.jpg 600w, https:\/\/atelierceline.fr\/myris\/wp-content\/uploads\/2022\/09\/Sans-effet-2-Iris-p-scaled.jpg 1829w\" sizes=\"(max-width: 214px) 100vw, 214px\" \/><\/figure><div class=\"elementor-image-box-content\"><h3 class=\"elementor-image-box-title\">Pure<\/h3><\/div><\/div>\t\t\t\t<\/div>\n\t\t\t\t<\/div>\n\t\t\t\t\t<\/div>\n\t\t<\/div>\n\t\t\t\t<div class=\"elementor-column elementor-col-50 elementor-inner-column elementor-element elementor-element-b197171\" data-id=\"b197171\" data-element_type=\"column\" data-e-type=\"column\">\n\t\t\t<div class=\"elementor-widget-wrap elementor-element-populated\">\n\t\t\t\t\t\t<div class=\"elementor-element elementor-element-d89acf8 elementor-position-top elementor-widget elementor-widget-image-box\" data-id=\"d89acf8\" data-element_type=\"widget\" data-e-type=\"widget\" data-widget_type=\"image-box.default\">\n\t\t\t\t<div class=\"elementor-widget-container\">\n\t\t\t\t\t<div class=\"elementor-image-box-wrapper\"><figure class=\"elementor-image-box-img\"><img loading=\"lazy\" decoding=\"async\" width=\"2560\" height=\"640\" src=\"https:\/\/atelierceline.fr\/myris\/wp-content\/uploads\/2022\/09\/Panoramique-4-Iris-avec-nom-scaled.jpg\" class=\"attachment-full size-full wp-image-2101\" alt=\"\" srcset=\"https:\/\/atelierceline.fr\/myris\/wp-content\/uploads\/2022\/09\/Panoramique-4-Iris-avec-nom-scaled.jpg 2560w, https:\/\/atelierceline.fr\/myris\/wp-content\/uploads\/2022\/09\/Panoramique-4-Iris-avec-nom-300x75.jpg 300w, https:\/\/atelierceline.fr\/myris\/wp-content\/uploads\/2022\/09\/Panoramique-4-Iris-avec-nom-1024x256.jpg 1024w, https:\/\/atelierceline.fr\/myris\/wp-content\/uploads\/2022\/09\/Panoramique-4-Iris-avec-nom-768x192.jpg 768w, https:\/\/atelierceline.fr\/myris\/wp-content\/uploads\/2022\/09\/Panoramique-4-Iris-avec-nom-1536x384.jpg 1536w, https:\/\/atelierceline.fr\/myris\/wp-content\/uploads\/2022\/09\/Panoramique-4-Iris-avec-nom-2048x512.jpg 2048w, https:\/\/atelierceline.fr\/myris\/wp-content\/uploads\/2022\/09\/Panoramique-4-Iris-avec-nom-1320x330.jpg 1320w, https:\/\/atelierceline.fr\/myris\/wp-content\/uploads\/2022\/09\/Panoramique-4-Iris-avec-nom-600x150.jpg 600w\" sizes=\"(max-width: 2560px) 100vw, 2560px\" \/><\/figure><div class=\"elementor-image-box-content\"><h3 class=\"elementor-image-box-title\">Panoramique<\/h3><\/div><\/div>\t\t\t\t<\/div>\n\t\t\t\t<\/div>\n\t\t\t\t\t<\/div>\n\t\t<\/div>\n\t\t\t\t\t<\/div>\n\t\t<\/section>\n\t\t\t\t\t<\/div>\n\t\t<\/div>\n\t\t\t\t\t<\/div>\n\t\t<\/section>\n\t\t\t\t<section class=\"elementor-section elementor-top-section elementor-element elementor-element-505b853 elementor-section-boxed elementor-section-height-default elementor-section-height-default\" data-id=\"505b853\" data-element_type=\"section\" data-e-type=\"section\" id=\"contact-section\" data-settings=\"{&quot;background_background&quot;:&quot;classic&quot;}\">\n\t\t\t\t\t\t<div class=\"elementor-container elementor-column-gap-default\">\n\t\t\t\t\t<div class=\"elementor-column elementor-col-100 elementor-top-column elementor-element elementor-element-1bbf348\" data-id=\"1bbf348\" data-element_type=\"column\" data-e-type=\"column\">\n\t\t\t<div class=\"elementor-widget-wrap elementor-element-populated\">\n\t\t\t\t\t\t<div class=\"elementor-element elementor-element-1c3c9c6 elementor-widget elementor-widget-menu-anchor\" data-id=\"1c3c9c6\" data-element_type=\"widget\" data-e-type=\"widget\" data-widget_type=\"menu-anchor.default\">\n\t\t\t\t<div class=\"elementor-widget-container\">\n\t\t\t\t\t\t\t<div class=\"elementor-menu-anchor\" id=\"contact\"><\/div>\n\t\t\t\t\t\t<\/div>\n\t\t\t\t<\/div>\n\t\t\t\t<section class=\"elementor-section elementor-inner-section elementor-element elementor-element-652426a2 elementor-section-boxed elementor-section-height-default elementor-section-height-default\" data-id=\"652426a2\" data-element_type=\"section\" data-e-type=\"section\">\n\t\t\t\t\t\t<div class=\"elementor-container elementor-column-gap-default\">\n\t\t\t\t\t<div class=\"elementor-column elementor-col-50 elementor-inner-column elementor-element elementor-element-5b32d8a6\" data-id=\"5b32d8a6\" data-element_type=\"column\" data-e-type=\"column\">\n\t\t\t<div class=\"elementor-widget-wrap elementor-element-populated\">\n\t\t\t\t\t\t<div class=\"elementor-element elementor-element-27b42aa elementor-widget elementor-widget-shortcode\" data-id=\"27b42aa\" data-element_type=\"widget\" data-e-type=\"widget\" data-widget_type=\"shortcode.default\">\n\t\t\t\t<div class=\"elementor-widget-container\">\n\t\t\t\t\t\t\t<div class=\"elementor-shortcode\">\n<div class=\"wpcf7 no-js\" id=\"wpcf7-f2593-o1\" lang=\"fr-FR\" dir=\"ltr\" data-wpcf7-id=\"2593\">\n<div class=\"screen-reader-response\"><p role=\"status\" aria-live=\"polite\" aria-atomic=\"true\"><\/p> <ul><\/ul><\/div>\n<form action=\"\/myris\/wp-json\/wp\/v2\/pages\/2092#wpcf7-f2593-o1\" method=\"post\" class=\"wpcf7-form init\" aria-label=\"Formulaire de contact\" novalidate=\"novalidate\" data-status=\"init\">\n<fieldset class=\"hidden-fields-container\"><input type=\"hidden\" name=\"_wpcf7\" value=\"2593\" \/><input type=\"hidden\" name=\"_wpcf7_version\" value=\"6.1.5\" \/><input type=\"hidden\" name=\"_wpcf7_locale\" value=\"fr_FR\" \/><input type=\"hidden\" name=\"_wpcf7_unit_tag\" value=\"wpcf7-f2593-o1\" \/><input type=\"hidden\" name=\"_wpcf7_container_post\" value=\"0\" \/><input type=\"hidden\" name=\"_wpcf7_posted_data_hash\" value=\"\" \/><input type=\"hidden\" name=\"_wpcf7_recaptcha_response\" value=\"\" \/>\n<\/fieldset>\n<p><label> Votre nom et pr\u00e9nom *<br \/>\n<span class=\"wpcf7-form-control-wrap\" data-name=\"your-name\"><input size=\"40\" maxlength=\"400\" class=\"wpcf7-form-control wpcf7-text wpcf7-validates-as-required\" autocomplete=\"name\" aria-required=\"true\" aria-invalid=\"false\" value=\"\" type=\"text\" name=\"your-name\" \/><\/span> <\/label>\n<\/p>\n<p><label> Votre e-mail*<br \/>\n<span class=\"wpcf7-form-control-wrap\" data-name=\"your-email\"><input size=\"40\" maxlength=\"400\" class=\"wpcf7-form-control wpcf7-email wpcf7-validates-as-required wpcf7-text wpcf7-validates-as-email\" autocomplete=\"email\" aria-required=\"true\" aria-invalid=\"false\" value=\"\" type=\"email\" name=\"your-email\" \/><\/span> <\/label>\n<\/p>\n<p><label> T\u00e9l\u00e9phone*<br \/>\n<span class=\"wpcf7-form-control-wrap\" data-name=\"tel-487\"><input size=\"40\" maxlength=\"400\" class=\"wpcf7-form-control wpcf7-tel wpcf7-validates-as-required wpcf7-text wpcf7-validates-as-tel\" aria-required=\"true\" aria-invalid=\"false\" value=\"\" type=\"tel\" name=\"tel-487\" \/><\/span> <\/label><br \/>\n<label> Votre message *<br \/>\n<span class=\"wpcf7-form-control-wrap\" data-name=\"your-message\"><textarea cols=\"40\" rows=\"10\" maxlength=\"2000\" class=\"wpcf7-form-control wpcf7-textarea wpcf7-validates-as-required\" aria-required=\"true\" aria-invalid=\"false\" name=\"your-message\"><\/textarea><\/span> <\/label>\n<\/p>\n<p><input class=\"wpcf7-form-control wpcf7-submit has-spinner\" type=\"submit\" value=\"Envoyer\" \/>\n<\/p>\n<p>*Obligatoire\n<\/p><p style=\"display: none !important;\" class=\"akismet-fields-container\" data-prefix=\"_wpcf7_ak_\"><label>&#916;<textarea name=\"_wpcf7_ak_hp_textarea\" cols=\"45\" rows=\"8\" maxlength=\"100\"><\/textarea><\/label><input type=\"hidden\" id=\"ak_js_1\" name=\"_wpcf7_ak_js\" value=\"182\"\/><script>document.getElementById( \"ak_js_1\" ).setAttribute( \"value\", ( new Date() ).getTime() );<\/script><\/p><div class=\"wpcf7-response-output\" aria-hidden=\"true\"><\/div>\n<\/form>\n<\/div>\n<\/div>\n\t\t\t\t\t\t<\/div>\n\t\t\t\t<\/div>\n\t\t\t\t\t<\/div>\n\t\t<\/div>\n\t\t\t\t<div class=\"elementor-column elementor-col-50 elementor-inner-column elementor-element elementor-element-13102d20\" data-id=\"13102d20\" data-element_type=\"column\" data-e-type=\"column\">\n\t\t\t<div class=\"elementor-widget-wrap elementor-element-populated\">\n\t\t\t\t\t\t<div class=\"elementor-element elementor-element-66cd9ab3 elementor-widget elementor-widget-heading\" data-id=\"66cd9ab3\" data-element_type=\"widget\" data-e-type=\"widget\" data-widget_type=\"heading.default\">\n\t\t\t\t<div class=\"elementor-widget-container\">\n\t\t\t\t\t<h2 class=\"elementor-heading-title elementor-size-default\">Contactez nous<\/h2>\t\t\t\t<\/div>\n\t\t\t\t<\/div>\n\t\t\t\t<div class=\"elementor-element elementor-element-59c54abd elementor-widget elementor-widget-heading\" data-id=\"59c54abd\" data-element_type=\"widget\" data-e-type=\"widget\" data-widget_type=\"heading.default\">\n\t\t\t\t<div class=\"elementor-widget-container\">\n\t\t\t\t\t<h5 class=\"elementor-heading-title elementor-size-default\">Notre studio :<\/h5>\t\t\t\t<\/div>\n\t\t\t\t<\/div>\n\t\t\t\t<div class=\"elementor-element elementor-element-527c2378 elementor-widget elementor-widget-text-editor\" data-id=\"527c2378\" data-element_type=\"widget\" data-e-type=\"widget\" data-widget_type=\"text-editor.default\">\n\t\t\t\t<div class=\"elementor-widget-container\">\n\t\t\t\t\t\t\t\t\t<p>MYRIS by l&rsquo;Atelier de C\u00e9line<\/p><p>685B route de Picard<\/p><p>26160 La B\u00e9gude de Mazenc<\/p>\t\t\t\t\t\t\t\t<\/div>\n\t\t\t\t<\/div>\n\t\t\t\t<div class=\"elementor-element elementor-element-13659afe elementor-widget elementor-widget-heading\" data-id=\"13659afe\" data-element_type=\"widget\" data-e-type=\"widget\" data-widget_type=\"heading.default\">\n\t\t\t\t<div class=\"elementor-widget-container\">\n\t\t\t\t\t<h5 class=\"elementor-heading-title elementor-size-default\">T\u00e9l\u00e9phone :<\/h5>\t\t\t\t<\/div>\n\t\t\t\t<\/div>\n\t\t\t\t<div class=\"elementor-element elementor-element-1c0021cb elementor-widget elementor-widget-text-editor\" data-id=\"1c0021cb\" data-element_type=\"widget\" data-e-type=\"widget\" data-widget_type=\"text-editor.default\">\n\t\t\t\t<div class=\"elementor-widget-container\">\n\t\t\t\t\t\t\t\t\t<p>06 28 21 88 10<\/p>\t\t\t\t\t\t\t\t<\/div>\n\t\t\t\t<\/div>\n\t\t\t\t<div class=\"elementor-element elementor-element-2fd20c58 elementor-widget elementor-widget-heading\" data-id=\"2fd20c58\" data-element_type=\"widget\" data-e-type=\"widget\" data-widget_type=\"heading.default\">\n\t\t\t\t<div class=\"elementor-widget-container\">\n\t\t\t\t\t<h5 class=\"elementor-heading-title elementor-size-default\">Email:<\/h5>\t\t\t\t<\/div>\n\t\t\t\t<\/div>\n\t\t\t\t<div class=\"elementor-element elementor-element-7f605856 elementor-widget elementor-widget-text-editor\" data-id=\"7f605856\" data-element_type=\"widget\" data-e-type=\"widget\" data-widget_type=\"text-editor.default\">\n\t\t\t\t<div class=\"elementor-widget-container\">\n\t\t\t\t\t\t\t\t\t<p>atelierdeceline@gmail.com<\/p>\t\t\t\t\t\t\t\t<\/div>\n\t\t\t\t<\/div>\n\t\t\t\t<div class=\"elementor-element elementor-element-7ab325e4 elementor-widget elementor-widget-spacer\" data-id=\"7ab325e4\" data-element_type=\"widget\" data-e-type=\"widget\" data-widget_type=\"spacer.default\">\n\t\t\t\t<div class=\"elementor-widget-container\">\n\t\t\t\t\t\t\t<div class=\"elementor-spacer\">\n\t\t\t<div class=\"elementor-spacer-inner\"><\/div>\n\t\t<\/div>\n\t\t\t\t\t\t<\/div>\n\t\t\t\t<\/div>\n\t\t\t\t\t<\/div>\n\t\t<\/div>\n\t\t\t\t\t<\/div>\n\t\t<\/section>\n\t\t\t\t\t<\/div>\n\t\t<\/div>\n\t\t\t\t\t<\/div>\n\t\t<\/section>\n\t\t\t\t<\/div>\n\t\t","protected":false},"excerpt":{"rendered":"<p>Des effets spectaculaires Choisissez un effet pour transformer votre IRIS en \u0153uvre d&rsquo;art Fusion Wave Dream Universe Pure Panoramique Contactez nous Notre studio : MYRIS by l&rsquo;Atelier de C\u00e9line 685B route de Picard 26160 La B\u00e9gude de Mazenc T\u00e9l\u00e9phone : 06 28 21 88 10 Email: atelierdeceline@gmail.com<\/p>\n","protected":false},"author":1,"featured_media":0,"parent":0,"menu_order":0,"comment_status":"closed","ping_status":"closed","template":"elementor_header_footer","meta":{"zakra_page_container_layout":"customizer","zakra_page_sidebar_layout":"customizer","zakra_remove_content_margin":false,"zakra_sidebar":"customizer","zakra_transparent_header":"customizer","zakra_logo":0,"zakra_main_header_style":"default","zakra_menu_item_color":"","zakra_menu_item_hover_color":"","zakra_menu_item_active_color":"","zakra_menu_active_style":"","zakra_page_header":true,"footnotes":""},"class_list":["post-2092","page","type-page","status-publish","hentry"],"jetpack_sharing_enabled":true,"_links":{"self":[{"href":"https:\/\/atelierceline.fr\/myris\/wp-json\/wp\/v2\/pages\/2092","targetHints":{"allow":["GET"]}}],"collection":[{"href":"https:\/\/atelierceline.fr\/myris\/wp-json\/wp\/v2\/pages"}],"about":[{"href":"https:\/\/atelierceline.fr\/myris\/wp-json\/wp\/v2\/types\/page"}],"author":[{"embeddable":true,"href":"https:\/\/atelierceline.fr\/myris\/wp-json\/wp\/v2\/users\/1"}],"replies":[{"embeddable":true,"href":"https:\/\/atelierceline.fr\/myris\/wp-json\/wp\/v2\/comments?post=2092"}],"version-history":[{"count":16,"href":"https:\/\/atelierceline.fr\/myris\/wp-json\/wp\/v2\/pages\/2092\/revisions"}],"predecessor-version":[{"id":2602,"href":"https:\/\/atelierceline.fr\/myris\/wp-json\/wp\/v2\/pages\/2092\/revisions\/2602"}],"wp:attachment":[{"href":"https:\/\/atelierceline.fr\/myris\/wp-json\/wp\/v2\/media?parent=2092"}],"curies":[{"name":"wp","href":"https:\/\/api.w.org\/{rel}","templated":true}]}}