{"id":210,"date":"2011-11-25T20:15:34","date_gmt":"2011-11-25T20:15:34","guid":{"rendered":"http:\/\/atelierceline.fr\/galerie\/?page_id=210"},"modified":"2023-05-24T17:12:06","modified_gmt":"2023-05-24T17:12:06","slug":"contact","status":"publish","type":"page","link":"https:\/\/atelierceline.fr\/galerie\/?page_id=210","title":{"rendered":"Contact"},"content":{"rendered":"<h2>Contactez-Moi<\/h2>\n<p>Vous pouvez me contacter au 06.28.21.88.10 ou gr\u00e2ce \u00e0 ce formulaire<\/p>\n<p>Merci de prendre le temps de remplir ce formulaire le plus pr\u00e9cis\u00e9ment possible afin que je puisse r\u00e9pondre \u00e0 vos demandes.<\/p>\n\n<div class=\"wpcf7 no-js\" id=\"wpcf7-f7338-o1\" lang=\"en-US\" dir=\"ltr\" data-wpcf7-id=\"7338\">\n<div class=\"screen-reader-response\"><p role=\"status\" aria-live=\"polite\" aria-atomic=\"true\"><\/p> <ul><\/ul><\/div>\n<form action=\"\/galerie\/index.php?rest_route=%2Fwp%2Fv2%2Fpages%2F210#wpcf7-f7338-o1\" method=\"post\" class=\"wpcf7-form init\" aria-label=\"Contact form\" novalidate=\"novalidate\" data-status=\"init\">\n<div style=\"display: none;\">\n<input type=\"hidden\" name=\"_wpcf7\" value=\"7338\" \/>\n<input type=\"hidden\" name=\"_wpcf7_version\" value=\"6.0.6\" \/>\n<input type=\"hidden\" name=\"_wpcf7_locale\" value=\"en_US\" \/>\n<input type=\"hidden\" name=\"_wpcf7_unit_tag\" value=\"wpcf7-f7338-o1\" \/>\n<input type=\"hidden\" name=\"_wpcf7_container_post\" value=\"0\" \/>\n<input type=\"hidden\" name=\"_wpcf7_posted_data_hash\" value=\"\" \/>\n<input type=\"hidden\" name=\"_wpcf7_recaptcha_response\" value=\"\" \/>\n<\/div>\n<p>Votre nom (obligatoire)\n<\/p>\n<p><span class=\"wpcf7-form-control-wrap\" data-name=\"nom\"><input size=\"40\" maxlength=\"400\" class=\"wpcf7-form-control wpcf7-text wpcf7-validates-as-required\" aria-required=\"true\" aria-invalid=\"false\" value=\"\" type=\"text\" name=\"nom\" \/><\/span>\n<\/p>\n<p>Votre Pr\u00e9nom (obligatoire)\n<\/p>\n<p><span class=\"wpcf7-form-control-wrap\" data-name=\"prenom\"><input size=\"40\" maxlength=\"400\" class=\"wpcf7-form-control wpcf7-text wpcf7-validates-as-required\" aria-required=\"true\" aria-invalid=\"false\" value=\"\" type=\"text\" name=\"prenom\" \/><\/span>\n<\/p>\n<p>Votre email (obligatoire)\n<\/p>\n<p><span class=\"wpcf7-form-control-wrap\" data-name=\"your-email\"><input size=\"40\" maxlength=\"400\" class=\"wpcf7-form-control wpcf7-email wpcf7-validates-as-required wpcf7-text wpcf7-validates-as-email\" aria-required=\"true\" aria-invalid=\"false\" value=\"\" type=\"email\" name=\"your-email\" \/><\/span>\n<\/p>\n<p>Votre T\u00e9l\u00e9phone(obligatoire)\n<\/p>\n<p><span class=\"wpcf7-form-control-wrap\" data-name=\"Telephone\"><input size=\"40\" maxlength=\"400\" class=\"wpcf7-form-control wpcf7-text wpcf7-validates-as-required\" aria-required=\"true\" aria-invalid=\"false\" value=\"\" type=\"text\" name=\"Telephone\" \/><\/span>\n<\/p>\n<p>Date Souhait\u00e9e\n<\/p>\n<p><span class=\"wpcf7-form-control-wrap\" data-name=\"your-subject\"><input size=\"40\" maxlength=\"400\" class=\"wpcf7-form-control wpcf7-text\" aria-invalid=\"false\" value=\"\" type=\"text\" name=\"your-subject\" \/><\/span>\n<\/p>\n<p>Lieu\n<\/p>\n<p><span class=\"wpcf7-form-control-wrap\" data-name=\"Lieu\"><input size=\"40\" maxlength=\"400\" class=\"wpcf7-form-control wpcf7-text\" aria-invalid=\"false\" value=\"\" type=\"text\" name=\"Lieu\" \/><\/span>\n<\/p>\n<p>Votre message\n<\/p>\n<p><span class=\"wpcf7-form-control-wrap\" data-name=\"your-message\"><textarea cols=\"40\" rows=\"10\" maxlength=\"2000\" class=\"wpcf7-form-control wpcf7-textarea\" aria-invalid=\"false\" name=\"your-message\"><\/textarea><\/span>\n<\/p>\n<p><span class=\"wpcf7-form-control-wrap\" data-name=\"checkbox-727\"><span class=\"wpcf7-form-control wpcf7-checkbox wpcf7-validates-as-required\"><span class=\"wpcf7-list-item first last\"><input type=\"checkbox\" name=\"checkbox-727[]\" value=\"En soumettant ce formulaire,j&#039;accepte que les informations saisies dans ce formulaire soient utilis\u00e9es, pour permettre de me recontacter, dans le cadre de la relation commerciale qui d\u00e9coule de cette demande de renseignements.\" \/><span class=\"wpcf7-list-item-label\">En soumettant ce formulaire,j&#039;accepte que les informations saisies dans ce formulaire soient utilis\u00e9es, pour permettre de me recontacter, dans le cadre de la relation commerciale qui d\u00e9coule de cette demande de renseignements.<\/span><\/span><\/span><\/span>\n<\/p>\n<p><input class=\"wpcf7-form-control wpcf7-submit has-spinner\" type=\"submit\" value=\"Envoyer\" \/>\n<\/p><p style=\"display: none !important;\" class=\"akismet-fields-container\" data-prefix=\"_wpcf7_ak_\"><label>&#916;<textarea name=\"_wpcf7_ak_hp_textarea\" cols=\"45\" rows=\"8\" maxlength=\"100\"><\/textarea><\/label><input type=\"hidden\" id=\"ak_js_1\" name=\"_wpcf7_ak_js\" value=\"186\"\/><script>document.getElementById( \"ak_js_1\" ).setAttribute( \"value\", ( new Date() ).getTime() );<\/script><\/p><div class=\"wpcf7-response-output\" aria-hidden=\"true\"><\/div>\n<\/form>\n<\/div>\n\n","protected":false},"excerpt":{"rendered":"<p>Contactez-Moi Vous pouvez me contacter au 06.28.21.88.10 ou gr\u00e2ce \u00e0 ce formulaire Merci de prendre le temps de remplir ce formulaire le plus pr\u00e9cis\u00e9ment possible afin que je puisse r\u00e9pondre \u00e0 vos demandes.<\/p>\n","protected":false},"author":3,"featured_media":0,"parent":0,"menu_order":0,"comment_status":"closed","ping_status":"open","template":"","meta":{"footnotes":""},"class_list":["post-210","page","type-page","status-publish","hentry"],"_links":{"self":[{"href":"https:\/\/atelierceline.fr\/galerie\/index.php?rest_route=\/wp\/v2\/pages\/210"}],"collection":[{"href":"https:\/\/atelierceline.fr\/galerie\/index.php?rest_route=\/wp\/v2\/pages"}],"about":[{"href":"https:\/\/atelierceline.fr\/galerie\/index.php?rest_route=\/wp\/v2\/types\/page"}],"author":[{"embeddable":true,"href":"https:\/\/atelierceline.fr\/galerie\/index.php?rest_route=\/wp\/v2\/users\/3"}],"replies":[{"embeddable":true,"href":"https:\/\/atelierceline.fr\/galerie\/index.php?rest_route=%2Fwp%2Fv2%2Fcomments&post=210"}],"version-history":[{"count":6,"href":"https:\/\/atelierceline.fr\/galerie\/index.php?rest_route=\/wp\/v2\/pages\/210\/revisions"}],"predecessor-version":[{"id":7339,"href":"https:\/\/atelierceline.fr\/galerie\/index.php?rest_route=\/wp\/v2\/pages\/210\/revisions\/7339"}],"wp:attachment":[{"href":"https:\/\/atelierceline.fr\/galerie\/index.php?rest_route=%2Fwp%2Fv2%2Fmedia&parent=210"}],"curies":[{"name":"wp","href":"https:\/\/api.w.org\/{rel}","templated":true}]}}