{"id":10,"date":"2017-08-15T09:03:57","date_gmt":"2017-08-15T09:03:57","guid":{"rendered":"http:\/\/demo.themefreesia.com\/idyllic-interior-architecture\/?page_id=10"},"modified":"2020-03-02T19:18:00","modified_gmt":"2020-03-02T18:18:00","slug":"blog","status":"publish","type":"page","link":"https:\/\/atelierceline.fr\/corpo\/blog\/","title":{"rendered":"Nous contacter"},"content":{"rendered":"\n<p class=\"has-normal-font-size\">Contactez-Moi<\/p>\n\n\n\n<p class=\"has-normal-font-size\">Vous pouvez me contacter <strong>au 06.28.21.88.10<\/strong> ou gr\u00e2ce \u00e0 ce formulaire<\/p>\n\n\n\n<p class=\"has-normal-font-size\">Merci de prendre le temps de remplir ce\nformulaire le plus pr\u00e9cis\u00e9ment possible afin que je puisse r\u00e9pondre \u00e0 vos\ndemandes.<\/p>\n\n\n\n<p class=\"has-normal-font-size\">Parce que chaque entreprise\/personne\na ses propres attentes et besoins dans le projet qu\u2019elle entreprend, merci par\navance de bien vouloir pr\u00e9ciser dans la rubrique \u00ab&nbsp;votre message&nbsp;\u00bb&nbsp;:\n<\/p>\n\n\n\n<ul class=\"wp-block-list\"><li>Entreprise&nbsp;: l\u2019activit\u00e9, le\nlieu de l\u2019entreprise et l\u2019objectif de votre projet (photo du dirigeant, des\nsalari\u00e9s, pour votre site, brochure etc\u2026)&nbsp;; <\/li><\/ul>\n\n\n\n<ul class=\"wp-block-list\"><li>Portrait&nbsp;: l\u2019objectif de\nvotre projet et le support de destination (site, internet, r\u00e9seaux sociaux,\ncurriculum vitae, etc\u2026)<\/li><\/ul>\n\n\n\n<ul class=\"wp-block-list\"><li>Architecture&nbsp;: nature, lieu et\nsuperficie du bien, nombre de pi\u00e8ce, objectif du projet (vente, location,\nr\u00e9novation, etc\u2026)<\/li><\/ul>\n\n\n\n<ul class=\"wp-block-list\"><li>Photo publicitaire&nbsp;:\nnature et nombre de produits, en studio ou dans l\u2019entreprise, objectif du\nprojet (catalogue, site internet, etc\u2026)<\/li><\/ul>\n\n\n\n<div class=\"wpcf7 no-js\" id=\"wpcf7-f5-o1\" lang=\"fr-FR\" dir=\"ltr\" data-wpcf7-id=\"5\">\n<div class=\"screen-reader-response\"><p role=\"status\" aria-live=\"polite\" aria-atomic=\"true\"><\/p> <ul><\/ul><\/div>\n<form action=\"\/corpo\/wp-json\/wp\/v2\/pages\/10#wpcf7-f5-o1\" method=\"post\" class=\"wpcf7-form init\" aria-label=\"Formulaire de contact\" novalidate=\"novalidate\" data-status=\"init\">\n<fieldset class=\"hidden-fields-container\"><input type=\"hidden\" name=\"_wpcf7\" value=\"5\" \/><input type=\"hidden\" name=\"_wpcf7_version\" value=\"6.1.5\" \/><input type=\"hidden\" name=\"_wpcf7_locale\" value=\"fr_FR\" \/><input type=\"hidden\" name=\"_wpcf7_unit_tag\" value=\"wpcf7-f5-o1\" \/><input type=\"hidden\" name=\"_wpcf7_container_post\" value=\"0\" \/><input type=\"hidden\" name=\"_wpcf7_posted_data_hash\" value=\"\" \/>\n<\/fieldset>\n<p><label> Nom (requis)<br \/>\n<span class=\"wpcf7-form-control-wrap\" data-name=\"your-name\"><input size=\"40\" maxlength=\"400\" class=\"wpcf7-form-control wpcf7-text wpcf7-validates-as-required\" aria-required=\"true\" aria-invalid=\"false\" value=\"\" type=\"text\" name=\"your-name\" \/><\/span> <\/label>\n<\/p>\n<p><label> Email (requis)<br \/>\n<span class=\"wpcf7-form-control-wrap\" data-name=\"your-email\"><input size=\"40\" maxlength=\"400\" class=\"wpcf7-form-control wpcf7-email wpcf7-validates-as-required wpcf7-text wpcf7-validates-as-email\" aria-required=\"true\" aria-invalid=\"false\" value=\"\" type=\"email\" name=\"your-email\" \/><\/span> <\/label>\n<\/p>\n<p><label> Sujet<br \/>\n<span class=\"wpcf7-form-control-wrap\" data-name=\"your-subject\"><input size=\"40\" maxlength=\"400\" class=\"wpcf7-form-control wpcf7-text\" aria-invalid=\"false\" value=\"\" type=\"text\" name=\"your-subject\" \/><\/span> <\/label>\n<\/p>\n<p><label> Votre Message<br \/>\n<span class=\"wpcf7-form-control-wrap\" data-name=\"your-message\"><textarea cols=\"40\" rows=\"10\" maxlength=\"2000\" class=\"wpcf7-form-control wpcf7-textarea\" aria-invalid=\"false\" name=\"your-message\"><\/textarea><\/span> <\/label>\n<\/p>\n<p><span class=\"wpcf7-form-control-wrap\" data-name=\"checkbox-498\"><span class=\"wpcf7-form-control wpcf7-checkbox wpcf7-validates-as-required\"><span class=\"wpcf7-list-item first last\"><input type=\"checkbox\" name=\"checkbox-498[]\" value=\"En soumettant ce formulaire,j&#039;accepte que les informations saisies dans ce formulaire soient utilis\u00e9es, pour permettre de me recontacter, dans le cadre de la relation commerciale qui d\u00e9coule de cette demande de renseignements.\" \/><span class=\"wpcf7-list-item-label\">En soumettant ce formulaire,j&#039;accepte que les informations saisies dans ce formulaire soient utilis\u00e9es, pour permettre de me recontacter, dans le cadre de la relation commerciale qui d\u00e9coule de cette demande de renseignements.<\/span><\/span><\/span><\/span>\n<\/p>\n<p><input class=\"wpcf7-form-control wpcf7-submit has-spinner\" type=\"submit\" value=\"Envoyer\" \/>\n<\/p><div class=\"wpcf7-response-output\" aria-hidden=\"true\"><\/div>\n<\/form>\n<\/div>\n\n\n\n<p><\/p>\n","protected":false},"excerpt":{"rendered":"<p>Contactez-Moi Vous pouvez me contacter au 06.28.21.88.10 ou gr\u00e2ce \u00e0 ce formulaire Merci de prendre le temps de remplir ce formulaire le plus pr\u00e9cis\u00e9ment possible afin que je puisse r\u00e9pondre \u00e0 vos demandes. Parce que chaque entreprise\/personne a ses propres attentes et besoins dans le projet qu\u2019elle entreprend, merci par&hellip; <\/p>\n","protected":false},"author":1,"featured_media":0,"parent":0,"menu_order":0,"comment_status":"closed","ping_status":"closed","template":"","meta":{"footnotes":""},"class_list":["post-10","page","type-page","status-publish","hentry"],"_links":{"self":[{"href":"https:\/\/atelierceline.fr\/corpo\/wp-json\/wp\/v2\/pages\/10","targetHints":{"allow":["GET"]}}],"collection":[{"href":"https:\/\/atelierceline.fr\/corpo\/wp-json\/wp\/v2\/pages"}],"about":[{"href":"https:\/\/atelierceline.fr\/corpo\/wp-json\/wp\/v2\/types\/page"}],"author":[{"embeddable":true,"href":"https:\/\/atelierceline.fr\/corpo\/wp-json\/wp\/v2\/users\/1"}],"replies":[{"embeddable":true,"href":"https:\/\/atelierceline.fr\/corpo\/wp-json\/wp\/v2\/comments?post=10"}],"version-history":[{"count":5,"href":"https:\/\/atelierceline.fr\/corpo\/wp-json\/wp\/v2\/pages\/10\/revisions"}],"predecessor-version":[{"id":565,"href":"https:\/\/atelierceline.fr\/corpo\/wp-json\/wp\/v2\/pages\/10\/revisions\/565"}],"wp:attachment":[{"href":"https:\/\/atelierceline.fr\/corpo\/wp-json\/wp\/v2\/media?parent=10"}],"curies":[{"name":"wp","href":"https:\/\/api.w.org\/{rel}","templated":true}]}}